{"id":1965,"date":"2011-07-14T19:45:29","date_gmt":"2011-07-14T19:45:29","guid":{"rendered":"http:\/\/192.168.9.29\/Development\/TB\/?page_id=5"},"modified":"2024-01-04T13:03:12","modified_gmt":"2024-01-04T13:03:12","slug":"chi-siamo","status":"publish","type":"page","link":"https:\/\/bagnopinocchio.it\/it\/chi-siamo\/","title":{"rendered":"Chi Siamo"},"content":{"rendered":"<div class=\"row \">\n<div class=\"span7 \"><h1>Storia<\/h1>\n<blockquote>\n<h6>Tradizione, amore e cura.<\/h6>\n<\/blockquote>\n<p style=\"text-align: justify;\">Il Beach Club Bagno Pinocchio fu acquistato da mio padre nel 1954, si chiamava Bagno Tenenti: lo ribattezz\u00f2 \"Pinocchio\". L'ha dedicata a me, a mia sorella Alberta e a mio fratello Gianni: i suoi figli. In quegli anni la \u201cCitt\u00e0 Giardino\u201d non c'era; in via Zara c'era solo \"Pietrolle\" (una baita-ristorante nei pressi dell'odierna edicola) e in viale Michelangelo c'erano appena quattro o cinque ville. Il Beach Club Bagno Pinocchio aveva solo sette ombrelloni. Gli ospiti iniziarono ad arrivare negli anni '60 e alcuni di loro sono ancora con noi. Nostra madre Liliana ha condotto \u201cPinocchio\u201d fino a qualche anno fa, poi, vista la sua et\u00e0, mi ha chiesto di aiutarla ed io ho accettato con grande entusiasmo. Il Beach Club Bagno Pinocchio continua la tradizione del Viareggio Beach Club offrendo qualit\u00e0, semplicit\u00e0 e sobriet\u00e0 ai clienti e alle famiglie con bambini.<br \/><\/div>\n<div class=\"span1 \"><\/div>\n<div class=\"span4 \"><h1>Visione<\/h1>\n<blockquote>\n<h6>il nostro scopo<\/h6>\n<\/blockquote>\n<p>La nostra idea \u00e8 farvi trascorrere una bella estate in un ambiente sereno che vi regaler\u00e0 piacevoli ricordi. Per questo cerchiamo di migliorarci anno dopo anno, seguendo la professionalit\u00e0 e la dedizione di chi ci ha preceduto.<br \/><\/div>\n<\/div><!-- .row (end) -->\n","protected":false},"excerpt":{"rendered":"","protected":false},"author":1,"featured_media":0,"parent":0,"menu_order":1,"comment_status":"closed","ping_status":"closed","template":"page-fullwidth.php","meta":[],"_links":{"self":[{"href":"https:\/\/bagnopinocchio.it\/it\/wp-json\/wp\/v2\/pages\/1965"}],"collection":[{"href":"https:\/\/bagnopinocchio.it\/it\/wp-json\/wp\/v2\/pages"}],"about":[{"href":"https:\/\/bagnopinocchio.it\/it\/wp-json\/wp\/v2\/types\/page"}],"author":[{"embeddable":true,"href":"https:\/\/bagnopinocchio.it\/it\/wp-json\/wp\/v2\/users\/1"}],"replies":[{"embeddable":true,"href":"https:\/\/bagnopinocchio.it\/it\/wp-json\/wp\/v2\/comments?post=1965"}],"version-history":[{"count":18,"href":"https:\/\/bagnopinocchio.it\/it\/wp-json\/wp\/v2\/pages\/1965\/revisions"}],"predecessor-version":[{"id":2365,"href":"https:\/\/bagnopinocchio.it\/it\/wp-json\/wp\/v2\/pages\/1965\/revisions\/2365"}],"wp:attachment":[{"href":"https:\/\/bagnopinocchio.it\/it\/wp-json\/wp\/v2\/media?parent=1965"}],"curies":[{"name":"wp","href":"https:\/\/api.w.org\/{rel}","templated":true}]}}